{"id":7,"date":"2022-08-18T11:06:02","date_gmt":"2022-08-18T11:06:02","guid":{"rendered":"https:\/\/rocallabox.com\/?page_id=7"},"modified":"2024-07-12T00:23:48","modified_gmt":"2024-07-12T00:23:48","slug":"inicio","status":"publish","type":"page","link":"https:\/\/rocallabox.com\/en\/","title":{"rendered":"Home"},"content":{"rendered":"<div class=\"wp-block-cover alignfull\" style=\"min-height:600px;aspect-ratio:unset;\"><span aria-hidden=\"true\" class=\"wp-block-cover__background has-nv-c-2-background-color has-background-dim-20 has-background-dim\"><\/span><img loading=\"lazy\" decoding=\"async\" width=\"2560\" height=\"1441\" class=\"wp-block-cover__image-background wp-image-3136\" alt=\"Rocalla Box interior fondo\" src=\"https:\/\/rocallabox.com\/wp-content\/uploads\/Rocalla-interior-04.jpg\" data-object-fit=\"cover\" srcset=\"https:\/\/rocallabox.com\/wp-content\/uploads\/Rocalla-interior-04.jpg 2560w, https:\/\/rocallabox.com\/wp-content\/uploads\/Rocalla-interior-04-300x169.jpg 300w, https:\/\/rocallabox.com\/wp-content\/uploads\/Rocalla-interior-04-1024x576.jpg 1024w, https:\/\/rocallabox.com\/wp-content\/uploads\/Rocalla-interior-04-768x432.jpg 768w, https:\/\/rocallabox.com\/wp-content\/uploads\/Rocalla-interior-04-1536x865.jpg 1536w, https:\/\/rocallabox.com\/wp-content\/uploads\/Rocalla-interior-04-2048x1153.jpg 2048w, https:\/\/rocallabox.com\/wp-content\/uploads\/Rocalla-interior-04-18x10.jpg 18w\" sizes=\"auto, (max-width: 2560px) 100vw, 2560px\" \/><div class=\"wp-block-cover__inner-container is-layout-flow wp-block-cover-is-layout-flow\"><div class=\"n2-section-smartslider fitvidsignore  n2_clear\" data-ssid=\"2\" tabindex=\"0\" role=\"region\" aria-label=\"Slider\"><div id=\"n2-ss-2-align\" class=\"n2-ss-align\"><div class=\"n2-padding\"><div id=\"n2-ss-2\" data-creator=\"Smart Slider 3\" data-responsive=\"auto\" class=\"n2-ss-slider n2-ow n2-has-hover n2notransition\">\n\n\n\n<div class=\"n2-ss-slider-wrapper-inside\">\n        <div class=\"n2-ss-slider-1 n2_ss__touch_element n2-ow\">\n            <div class=\"n2-ss-slider-2 n2-ow\">\n                                                <div class=\"n2-ss-slider-3 n2-ow\">\n\n                    <div class=\"n2-ss-slide-backgrounds n2-ow-all\"><div class=\"n2-ss-slide-background\" data-public-id=\"1\" data-mode=\"fill\"><div data-color=\"RGBA(255,5,26,0)\" style=\"background-color: RGBA(255,5,26,0);\" class=\"n2-ss-slide-background-color\"><\/div><\/div><div class=\"n2-ss-slide-background\" data-public-id=\"2\" data-mode=\"fill\" aria-hidden=\"true\"><div data-color=\"RGBA(255,5,26,0)\" style=\"background-color: RGBA(255,5,26,0);\" class=\"n2-ss-slide-background-color\"><\/div><\/div><\/div>                    <div class=\"n2-ss-slider-4 n2-ow\">\n                        <svg xmlns=\"http:\/\/www.w3.org\/2000\/svg\" viewbox=\"0 0 1200 600\" data-related-device=\"desktopPortrait\" class=\"n2-ow n2-ss-preserve-size n2-ss-preserve-size--slider n2-ss-slide-limiter\"><\/svg><div data-first=\"1\" data-slide-duration=\"0\" data-id=\"11\" data-slide-public-id=\"1\" data-title=\"Inicio Rocalla\" class=\"n2-ss-slide n2-ow  n2-ss-slide-11\"><div role=\"note\" class=\"n2-ss-slide--focus\" tabindex=\"-1\">Inicio Rocalla<\/div><div class=\"n2-ss-layers-container n2-ss-slide-limiter n2-ow\"><div class=\"n2-ss-layer n2-ow n-uc-pxbfn2qVWjya\" data-sstype=\"slide\" data-pm=\"default\"><div class=\"n2-ss-layer n2-ow n-uc-Fpm7WOKzmF9z\" data-pm=\"default\" data-sstype=\"content\" data-hasbackground=\"1\"><div class=\"n2-ss-section-main-content n2-ss-layer-with-background n2-ss-layer-content n2-ow n-uc-Fpm7WOKzmF9z-inner\"><div class=\"n2-ss-layer n2-ow n-uc-QCjtWfoA6HHS\" data-pm=\"normal\" data-sstype=\"layer\"><div id=\"n2-ss-2item1\" class=\"n2-font-96af2880716584be8da9e66cc852ad1d-hover n2-style-af9408d64695376cc31cdad3d8222e37-heading   n2-ss-item-content n2-ss-text n2-ow\" style=\"display:block;\">Rocalla Box<\/div><\/div><div class=\"n2-ss-layer n2-ow n-uc-mbKJt9TbQH13\" data-pm=\"normal\" data-sstype=\"layer\"><div id=\"n2-ss-2item2\" class=\"n2-font-27cacfd671a463f5f4e2b38e41e58ed5-hover n2-style-63bb9a5d9ceedf4cbf410869b220d3cd-heading   n2-ss-item-content n2-ss-text n2-ow\" style=\"display:block;\">Training center <br>Cross Training and Functional Fitness <br>in Zaragoza<\/div><\/div><div class=\"n2-ss-layer n2-ow n2-ss-layer--block n2-ss-has-self-align n-uc-ZH3WxUJOzN77\" data-pm=\"normal\" data-sstype=\"row\"><div class=\"n2-ss-layer-row n2-ss-layer-with-background n-uc-ZH3WxUJOzN77-inner\"><div class=\"n2-ss-layer-row-inner\"><div class=\"n2-ss-layer n2-ow n-uc-S40h3SlalgRZ\" data-pm=\"default\" data-sstype=\"col\"><div class=\"n2-ss-layer-col n2-ss-layer-with-background n2-ss-layer-content n-uc-S40h3SlalgRZ-inner\"><div class=\"n2-ss-layer n2-ow n-uc-dXTvrf3e8hKZ n2-ss-layer--auto\" data-pm=\"normal\" data-sstype=\"layer\"><div class=\"n2-ss-button-container n2-ss-item-content n2-ow n2-font-aff72dc890919b908c30d45401f0eba4-link  n2-ss-nowrap n2-ss-button-container--non-full-width\"><a class=\"n2-style-d668be01714af43550746455333d4a26-heading  n2-ow\" href=\"https:\/\/rocallabox.com\/en\/horarios\/\"><div><div>SCHEDULES<\/div><\/div><\/a><\/div><\/div><\/div><\/div><div class=\"n2-ss-layer n2-ow n-uc-qWC4Q8GBl4fv\" data-pm=\"default\" data-sstype=\"col\"><div class=\"n2-ss-layer-col n2-ss-layer-with-background n2-ss-layer-content n-uc-qWC4Q8GBl4fv-inner\"><div class=\"n2-ss-layer n2-ow n-uc-4h5gR19hb6YO n2-ss-layer--auto\" data-pm=\"normal\" data-sstype=\"layer\"><div class=\"n2-ss-button-container n2-ss-item-content n2-ow n2-font-8ebd2d63561bf7faf6a9c3ea54fb2fc7-link  n2-ss-nowrap n2-ss-button-container--non-full-width\"><a class=\"n2-style-0acf8c6af9468c7ac772ccc5a300b776-heading  n2-ow\" href=\"https:\/\/rocallabox.com\/en\/tarifas\/\"><div><div>RATES<\/div><\/div><\/a><\/div><\/div><\/div><\/div><\/div><\/div><\/div><\/div><\/div><\/div><\/div><\/div><div data-slide-duration=\"0\" data-id=\"7\" data-slide-public-id=\"2\" aria-hidden=\"true\" data-title=\"Inicio Rocalla\" class=\"n2-ss-slide n2-ow  n2-ss-slide-7\"><div role=\"note\" class=\"n2-ss-slide--focus\" tabindex=\"-1\">Inicio Rocalla<\/div><div class=\"n2-ss-layers-container n2-ss-slide-limiter n2-ow\"><div class=\"n2-ss-layer n2-ow n-uc-QcDk2UaGW0XU\" data-sstype=\"slide\" data-pm=\"default\"><div class=\"n2-ss-layer n2-ow n-uc-h3xoDiAm7cFd\" data-pm=\"default\" data-sstype=\"content\" data-hasbackground=\"1\"><div class=\"n2-ss-section-main-content n2-ss-layer-with-background n2-ss-layer-content n2-ow n-uc-h3xoDiAm7cFd-inner\"><div class=\"n2-ss-layer n2-ow n-uc-dRPjXI0GGNiz\" data-pm=\"normal\" data-sstype=\"layer\"><div id=\"n2-ss-2item5\" class=\"n2-font-97166cd26c4db3c7c4172182e9569123-hover n2-style-46641d92e14d3591438f6600800800c9-heading   n2-ss-item-content n2-ss-text n2-ow translation-block\" style=\"display:block;\">STILL DON'T KNOW ABOUT THE PREMIUM \u2013 VIP \/ 365 RATE?<\/div><\/div><div class=\"n2-ss-layer n2-ow n-uc-JVNsMg7EXL03\" data-pm=\"normal\" data-sstype=\"layer\"><div id=\"n2-ss-2item6\" class=\"n2-font-61f740d010496bdaaa93c06cc1829ce8-hover n2-style-7b2dcdcee39c0c8f92095472ba0d9b90-heading   n2-ss-item-content n2-ss-text n2-ow\" style=\"display:block;\">With this rate you can train every day of the year, Monday to Friday, from 6:30 a.m. to 11:00 p.m., Saturday and Sunday from 8:00 a.m. to 9:00 p.m.<\/div><\/div><div class=\"n2-ss-layer n2-ow n-uc-3Bi5ORcQdIkB n2-ss-layer--auto\" data-pm=\"normal\" data-sstype=\"layer\"><div class=\"n2-ss-button-container n2-ss-item-content n2-ow n2-font-194942593bc72cbd9223d8410072f7aa-link  n2-ss-nowrap n2-ss-button-container--non-full-width\"><a class=\"n2-style-3a969f58e0b8af41e8c38ef3af761ab6-heading  n2-ow\" href=\"https:\/\/rocallabox.com\/en\/tarifas\/\"><div><div>SEE RATES<\/div><\/div><\/a><\/div><\/div><div class=\"n2-ss-layer n2-ow n-uc-13e1d5047a522\" data-pm=\"normal\" data-sstype=\"layer\"><div id=\"n2-ss-2item8\" class=\"n2-font-370a2303dcc58102d371c1a20239bde9-hover n2-style-7b2dcdcee39c0c8f92095472ba0d9b90-heading   n2-ss-item-content n2-ss-text n2-ow\" style=\"display:block;\"><\/div><\/div><\/div><\/div><\/div><\/div><\/div>                    <\/div>\n\n                                    <\/div>\n            <\/div>\n        <\/div>\n        <div class=\"n2-ss-slider-controls n2-ss-slider-controls-absolute-center-bottom\"><div style=\"--widget-offset:5px;\" class=\"n2-ss-widget n2-ss-control-bullet n2-ow-all n2-ss-control-bullet-horizontal\"><div class=\"nextend-bullet-bar n2-bar-justify-content-center\" role=\"group\" aria-label=\"Choose slide to display.\"><div class=\"n2-bullet n2-style-338f8b044144f13d6aecfcccaa55182e-dot\" style=\"visibility:hidden;\"><\/div><\/div><\/div><\/div><\/div><\/div><ss3-loader><\/ss3-loader><\/div><\/div><div class=\"n2_clear\"><\/div><\/div><\/div><\/div>\n\n\n\n<div style=\"height:120px\" aria-hidden=\"true\" class=\"wp-block-spacer\"><\/div>\n\n\n\n<div class=\"wp-block-columns is-layout-flex wp-container-core-columns-is-layout-9d6595d7 wp-block-columns-is-layout-flex\">\n<div class=\"wp-block-column is-layout-flow wp-block-column-is-layout-flow\">\n<h3 class=\"wp-block-heading has-text-align-center has-neve-text-color-color has-text-color\">What is Functional Fitness?<\/h3>\n\n\n\n<p class=\"has-text-align-center\" style=\"font-size:17px\">Strength and conditioning training system based on constantly varied functional exercises performed at a high intensity.<\/p>\n<\/div>\n\n\n\n<div class=\"wp-block-column is-layout-flow wp-block-column-is-layout-flow\">\n<h3 class=\"wp-block-heading has-text-align-center has-neve-text-color-color has-text-color\">Addressed to\u2026<\/h3>\n\n\n\n<p class=\"has-text-align-center\" style=\"font-size:17px\">Perfect training system for anyone with motivation, regardless of age, gender, abilities or previous experience.<\/p>\n<\/div>\n\n\n\n<div class=\"wp-block-column is-layout-flow wp-block-column-is-layout-flow\">\n<h3 class=\"wp-block-heading has-text-align-center has-neve-text-color-color has-text-color\">What is a WOD?<\/h3>\n\n\n\n<p class=\"has-text-align-center\" style=\"font-size:17px\">Wod es un anglicismo acr\u00f3nimo de las siglas \u00abWork Of the Day\u00bb. Estas rutinas consisten en realizar combinaciones de ejercicios f\u00edsicos distintos que mezclan gimnasia, fuerza y resistencia.<\/p>\n<\/div>\n<\/div>\n\n\n\n<div style=\"height:55px\" aria-hidden=\"true\" class=\"wp-block-spacer\"><\/div>\n\n\n\n<div class=\"wp-block-cover alignfull\" style=\"min-height:600px;aspect-ratio:unset;\"><span aria-hidden=\"true\" class=\"wp-block-cover__background has-nv-light-bg-background-color has-background-dim-100 has-background-dim\"><\/span><div class=\"wp-block-cover__inner-container is-layout-flow wp-block-cover-is-layout-flow\">\n<div class=\"wp-block-group\"><div class=\"wp-block-group__inner-container is-layout-flow wp-block-group-is-layout-flow\">\n<div style=\"height:80px\" aria-hidden=\"true\" class=\"wp-block-spacer\"><\/div>\n\n\n\n<div class=\"wp-block-columns are-vertically-aligned-center is-layout-flex wp-container-core-columns-is-layout-9d6595d7 wp-block-columns-is-layout-flex\">\n<div class=\"wp-block-column is-vertically-aligned-center is-layout-flow wp-block-column-is-layout-flow\" style=\"flex-basis:50%\"><div class=\"wp-block-image is-resized\">\n<figure class=\"aligncenter size-full\"><img loading=\"lazy\" decoding=\"async\" width=\"450\" height=\"450\" src=\"https:\/\/rocallabox.com\/wp-content\/uploads\/SF3-Asociacio\u0301n-Espan\u0303ola-de-Fitness-Funcional.png\" alt=\"\" class=\"wp-image-37\" style=\"width:357px\" srcset=\"https:\/\/rocallabox.com\/wp-content\/uploads\/SF3-Asociacio\u0301n-Espan\u0303ola-de-Fitness-Funcional.png 450w, https:\/\/rocallabox.com\/wp-content\/uploads\/SF3-Asociacio\u0301n-Espan\u0303ola-de-Fitness-Funcional-300x300.png 300w, https:\/\/rocallabox.com\/wp-content\/uploads\/SF3-Asociacio\u0301n-Espan\u0303ola-de-Fitness-Funcional-150x150.png 150w, https:\/\/rocallabox.com\/wp-content\/uploads\/SF3-Asociacio\u0301n-Espan\u0303ola-de-Fitness-Funcional-12x12.png 12w\" sizes=\"auto, (max-width: 450px) 100vw, 450px\" \/><\/figure>\n<\/div><\/div>\n\n\n\n<div class=\"wp-block-column is-vertically-aligned-center is-layout-flow wp-block-column-is-layout-flow\" style=\"flex-basis:50%\">\n<h2 class=\"wp-block-heading has-text-align-left has-neve-text-color-color has-text-color\">SF3<\/h2>\n\n\n\n<p style=\"font-size:17px\">SF3 (SPANISH FEDERATION OF FUNCTIONAL FITNESS)<\/p>\n\n\n\n<p class=\"has-text-align-left has-neve-text-color-color has-text-color\" style=\"font-size:17px\">First box in Aragon affiliated with the Spanish Federation of Functional Fitness. It was born with the idea of providing a new concept as a functional fitness center.<\/p>\n<\/div>\n<\/div>\n\n\n\n<div style=\"height:40px\" aria-hidden=\"true\" class=\"wp-block-spacer\"><\/div>\n<\/div><\/div>\n<\/div><\/div>\n\n\n\n<div class=\"wp-block-cover alignfull\" style=\"min-height:600px;aspect-ratio:unset;\"><span aria-hidden=\"true\" class=\"wp-block-cover__background has-nv-site-bg-background-color has-background-dim-100 has-background-dim\"><\/span><div class=\"wp-block-cover__inner-container is-layout-flow wp-block-cover-is-layout-flow\">\n<div class=\"wp-block-group\"><div class=\"wp-block-group__inner-container is-layout-flow wp-block-group-is-layout-flow\">\n<div style=\"height:80px\" aria-hidden=\"true\" class=\"wp-block-spacer\"><\/div>\n\n\n\n<div class=\"wp-block-columns are-vertically-aligned-center is-layout-flex wp-container-core-columns-is-layout-9d6595d7 wp-block-columns-is-layout-flex\">\n<div class=\"wp-block-column is-vertically-aligned-center is-layout-flow wp-block-column-is-layout-flow\" style=\"flex-basis:50%\">\n<h2 class=\"wp-block-heading has-text-align-left has-neve-text-color-color has-text-color\">CHR<\/h2>\n\n\n\n<p class=\"has-text-align-left has-neve-text-color-color has-text-color\" style=\"font-size:17px\">CHR (ROCALLA WEIGHTLIFTING CLUB)<\/p>\n\n\n\n<p>Club belonging to the Aragonese Weightlifting Federation.<\/p>\n\n\n\n<p>Weightlifting is an Olympic sport; This discipline requires a great training of the muscles of the body to acquire the necessary strength for the lifts, in addition to developing dexterity and mental attitude.<\/p>\n\n\n\n<div style=\"height:40px\" aria-hidden=\"true\" class=\"wp-block-spacer\"><\/div>\n<\/div>\n\n\n\n<div class=\"wp-block-column is-vertically-aligned-center is-layout-flow wp-block-column-is-layout-flow\" style=\"flex-basis:50%\"><div class=\"wp-block-image is-resized\">\n<figure class=\"aligncenter size-full\"><img loading=\"lazy\" decoding=\"async\" width=\"768\" height=\"768\" src=\"https:\/\/rocallabox.com\/wp-content\/uploads\/CHR-Club-halterofilia-Rocalla.png\" alt=\"\" class=\"wp-image-38\" style=\"width:357px\" srcset=\"https:\/\/rocallabox.com\/wp-content\/uploads\/CHR-Club-halterofilia-Rocalla.png 768w, https:\/\/rocallabox.com\/wp-content\/uploads\/CHR-Club-halterofilia-Rocalla-300x300.png 300w, https:\/\/rocallabox.com\/wp-content\/uploads\/CHR-Club-halterofilia-Rocalla-150x150.png 150w, https:\/\/rocallabox.com\/wp-content\/uploads\/CHR-Club-halterofilia-Rocalla-12x12.png 12w\" sizes=\"auto, (max-width: 768px) 100vw, 768px\" \/><\/figure>\n<\/div><\/div>\n<\/div>\n\n\n\n<div style=\"height:40px\" aria-hidden=\"true\" class=\"wp-block-spacer\"><\/div>\n<\/div><\/div>\n<\/div><\/div>\n\n\n\n<div class=\"wp-block-cover alignfull\" style=\"min-height:600px;aspect-ratio:unset;\"><span aria-hidden=\"true\" class=\"wp-block-cover__background has-nv-dark-bg-background-color has-background-dim-100 has-background-dim\"><\/span><div class=\"wp-block-cover__inner-container is-layout-flow wp-block-cover-is-layout-flow\">\n<div class=\"wp-block-group\"><div class=\"wp-block-group__inner-container is-layout-flow wp-block-group-is-layout-flow\">\n<div style=\"height:80px\" aria-hidden=\"true\" class=\"wp-block-spacer\"><\/div>\n\n\n\n<div class=\"wp-block-columns are-vertically-aligned-center is-layout-flex wp-container-core-columns-is-layout-9d6595d7 wp-block-columns-is-layout-flex\">\n<div class=\"wp-block-column is-vertically-aligned-center is-layout-flow wp-block-column-is-layout-flow\" style=\"flex-basis:50%\"><div class=\"wp-block-image\">\n<figure class=\"aligncenter size-full is-resized\"><img loading=\"lazy\" decoding=\"async\" width=\"369\" height=\"465\" src=\"https:\/\/rocallabox.com\/wp-content\/uploads\/Rocalla-program-01.png\" alt=\"\" class=\"wp-image-41\" style=\"width:357px\" srcset=\"https:\/\/rocallabox.com\/wp-content\/uploads\/Rocalla-program-01.png 369w, https:\/\/rocallabox.com\/wp-content\/uploads\/Rocalla-program-01-238x300.png 238w, https:\/\/rocallabox.com\/wp-content\/uploads\/Rocalla-program-01-10x12.png 10w\" sizes=\"auto, (max-width: 369px) 100vw, 369px\" \/><\/figure>\n<\/div><\/div>\n\n\n\n<div class=\"wp-block-column is-vertically-aligned-center is-layout-flow wp-block-column-is-layout-flow\" style=\"flex-basis:50%\">\n<h2 class=\"wp-block-heading has-text-align-left has-nv-text-dark-bg-color has-text-color\">RP<\/h2>\n\n\n\n<p class=\"has-text-align-left has-nv-text-dark-bg-color has-text-color\" style=\"font-size:17px\">RP (THE ROCALLA PROGRAM)<\/p>\n\n\n\n<p style=\"font-size:17px\">Functional Fitness training program aimed at improving physical performance (strength, endurance, speed, agility, elasticity...). All this through planning and periodization of training where we always pose new challenges so that you can obtain your best RX version.<\/p>\n<\/div>\n<\/div>\n\n\n\n<div style=\"height:40px\" aria-hidden=\"true\" class=\"wp-block-spacer\"><\/div>\n<\/div><\/div>\n<\/div><\/div>\n\n\n\n<div style=\"height:40px\" aria-hidden=\"true\" class=\"wp-block-spacer\"><\/div>\n\n\n\n<div class=\"wp-block-cover alignfull\" style=\"min-height:300px;aspect-ratio:unset;\"><span aria-hidden=\"true\" class=\"wp-block-cover__background has-nv-site-bg-background-color has-background-dim-100 has-background-dim\"><\/span><div class=\"wp-block-cover__inner-container is-layout-flow wp-block-cover-is-layout-flow\">\n<div class=\"wp-block-group\"><div class=\"wp-block-group__inner-container is-layout-flow wp-block-group-is-layout-flow\">\n<div style=\"height:140px\" aria-hidden=\"true\" class=\"wp-block-spacer\"><\/div>\n\n\n\n<h2 class=\"wp-block-heading has-text-align-center has-nv-text-dark-bg-color has-text-color\">Let's work together to achieve your goal<\/h2>\n\n\n\n<p class=\"has-text-align-center has-medium-font-size\">Do not hesitate and come to try. Contact us and we will assist you and advise you on whatever you need.<\/p>\n\n\n\n<div class=\"wp-block-buttons is-content-justification-center is-layout-flex wp-container-core-buttons-is-layout-16018d1d wp-block-buttons-is-layout-flex\">\n<div class=\"wp-block-button is-style-primary\"><a class=\"wp-block-button__link wp-element-button\" href=\"https:\/\/rocallabox.com\/en\/contacto\/\">I am going to try<\/a><\/div>\n<\/div>\n\n\n\n<div style=\"height:140px\" aria-hidden=\"true\" class=\"wp-block-spacer\"><\/div>\n<\/div><\/div>\n<\/div><\/div>","protected":false},"excerpt":{"rendered":"<p>Qu\u00e9 es el Functional Fitness Sistema de entrenamiento de fuerza y acondicionamiento basado en ejercicios funcionales constantemente variados realizados a una alta intensidad. Dirigido a &#8230; Sistema de entrenamiento perfecto para cualquier persona con motivaci\u00f3n, independientemente de su edad, sexo, capacidades o experiencia previa. Qu\u00e9 es un WOD Wod es un anglicismo acr\u00f3nimo de las&hellip;&nbsp;<a href=\"https:\/\/rocallabox.com\/en\/\" class=\"\" rel=\"bookmark\">Read More &raquo;<span class=\"screen-reader-text\">Home<\/span><\/a><\/p>","protected":false},"author":1,"featured_media":3064,"parent":0,"menu_order":0,"comment_status":"closed","ping_status":"closed","template":"","meta":{"neve_meta_sidebar":"default","neve_meta_container":"default","neve_meta_enable_content_width":"on","neve_meta_content_width":100,"neve_meta_title_alignment":"","neve_meta_author_avatar":"","neve_post_elements_order":"","neve_meta_disable_header":"","neve_meta_disable_footer":"","neve_meta_disable_title":"on","footnotes":""},"class_list":["post-7","page","type-page","status-publish","has-post-thumbnail","hentry"],"aioseo_notices":[],"_links":{"self":[{"href":"https:\/\/rocallabox.com\/en\/wp-json\/wp\/v2\/pages\/7","targetHints":{"allow":["GET"]}}],"collection":[{"href":"https:\/\/rocallabox.com\/en\/wp-json\/wp\/v2\/pages"}],"about":[{"href":"https:\/\/rocallabox.com\/en\/wp-json\/wp\/v2\/types\/page"}],"author":[{"embeddable":true,"href":"https:\/\/rocallabox.com\/en\/wp-json\/wp\/v2\/users\/1"}],"replies":[{"embeddable":true,"href":"https:\/\/rocallabox.com\/en\/wp-json\/wp\/v2\/comments?post=7"}],"version-history":[{"count":37,"href":"https:\/\/rocallabox.com\/en\/wp-json\/wp\/v2\/pages\/7\/revisions"}],"predecessor-version":[{"id":3137,"href":"https:\/\/rocallabox.com\/en\/wp-json\/wp\/v2\/pages\/7\/revisions\/3137"}],"wp:featuredmedia":[{"embeddable":true,"href":"https:\/\/rocallabox.com\/en\/wp-json\/wp\/v2\/media\/3064"}],"wp:attachment":[{"href":"https:\/\/rocallabox.com\/en\/wp-json\/wp\/v2\/media?parent=7"}],"curies":[{"name":"wp","href":"https:\/\/api.w.org\/{rel}","templated":true}]}}