{"id":2743,"date":"2022-09-01T00:29:01","date_gmt":"2022-09-01T00:29:01","guid":{"rendered":"https:\/\/rocallabox.com\/?page_id=2743"},"modified":"2024-05-30T20:06:51","modified_gmt":"2024-05-30T20:06:51","slug":"politica-de-cookies","status":"publish","type":"page","link":"https:\/\/rocallabox.com\/en\/politica-de-cookies\/","title":{"rendered":"Cookies policy"},"content":{"rendered":"<div class=\"wp-block-cover alignfull\" style=\"min-height:300px;aspect-ratio:unset;\"><span aria-hidden=\"true\" class=\"wp-block-cover__background has-nv-site-bg-background-color has-background-dim-100 has-background-dim\"><\/span><div class=\"wp-block-cover__inner-container is-layout-flow wp-block-cover-is-layout-flow\">\n<div class=\"wp-block-group\"><div class=\"wp-block-group__inner-container is-layout-flow wp-block-group-is-layout-flow\">\n<h1 class=\"wp-block-heading has-text-align-left has-neve-text-color-color has-text-color\">Cookies policy<\/h1>\n<\/div><\/div>\n<\/div><\/div>\n\n\n\n<div class=\"wp-block-cover alignfull\" style=\"min-height:600px;aspect-ratio:unset;\"><span aria-hidden=\"true\" class=\"wp-block-cover__background has-nv-light-bg-background-color has-background-dim-100 has-background-dim\"><\/span><div class=\"wp-block-cover__inner-container is-layout-flow wp-block-cover-is-layout-flow\">\n<div class=\"wp-block-group\"><div class=\"wp-block-group__inner-container is-layout-flow wp-block-group-is-layout-flow\">\n<div style=\"height:80px\" aria-hidden=\"true\" class=\"wp-block-spacer\"><\/div>\n\n\n\n<p>When you browse our website&nbsp;<strong><a href=\"https:\/\/rocallabox.com\/en\/\">Rocalla Box<\/a><\/strong>&nbsp;Cookies may be downloaded in your browser, both own and third party. This cookie policy explains what a cookie is, what type of cookies this website uses, what their purpose is and we help you to know how to configure your browser to reject or disable them, if you wish.<\/p>\n\n\n\n<h3 class=\"wp-block-heading\">What is a cookie?<\/h3>\n\n\n\n<p>A cookie is a file that is downloaded to your computer when you access certain web pages. Cookies allow a web page, among other things, to store and retrieve information about the browsing habits of a user or their equipment and, depending on the information they contain and the way in which they use their equipment, they can be used to recognize to user.<\/p>\n\n\n\n<h3 class=\"wp-block-heading\">What types of cookies does this website use?<\/h3>\n\n\n\n<p>Like most current sites, we use cookies to facilitate the use of our website. Cookies are small information files that allow us to compare and understand how our users navigate through our website, and thus be able to consequently improve the navigation process. You can obtain more information about cookies and their use at&nbsp;<a href=\"https:\/\/www.allaboutcookies.org\/es\/\" target=\"_blank\" rel=\"noreferrer noopener\">www.allaboutcookies.org<\/a>. The types of cookies we use are:<\/p>\n\n\n\n<p>Depending on the period of time that cookies remain active, they can be:<\/p>\n\n\n\n<ul class=\"wp-block-list\">\n<li><strong>Session cookies<\/strong>: dise\u00f1adas para recabar y almacenar datos mientras el usuario accede a una p\u00e1gina www.rocallabox.com. Se suelen emplear para almacenar informaci\u00f3n que s\u00f3lo interesa conservar para la prestaci\u00f3n del servicio solicitado por el usuario en una sola ocasi\u00f3n (por ejemplo, una lista de productos adquiridos).<\/li>\n\n\n\n<li><strong>Persistent cookies<\/strong>: They are a type of cookies by which the data is still stored in the terminal and can be accessed and processed during a defined period. They have an erasure date. They are used, for example, in the purchase or registration process to avoid having to constantly enter our data.<\/li>\n<\/ul>\n\n\n\n<p>Depending on who is the entity that manages the computer or domain from which the cookies are sent and processes the data obtained, we can distinguish:<\/p>\n\n\n\n<ul class=\"wp-block-list\">\n<li><strong>Own cookies<\/strong>: Are those that are sent to the user's device managed exclusively by us for the best functioning of the site.<\/li>\n\n\n\n<li><strong>Third party cookies<\/strong>: Are those that are sent to the user's device from a computer or domain that is not managed by us but by another entity, which will process the data obtained.<\/li>\n<\/ul>\n\n\n\n<p>The following cookies can be installed on your device:<\/p>\n\n\n\n<ul class=\"wp-block-list\">\n<li><strong>Registration cookies<\/strong>: When the user enters our website and logs in, a temporary cookie is installed so that they can navigate through their user area without having to enter their data continuously. This cookie will disappear when you log out.<\/li>\n\n\n\n<li><strong>Analysis cookies<\/strong>: They serve to study the behavior of users anonymously when browsing our website. This way we can know the most viewed content, the number of visitors, etc. Information that we will use to improve the browsing experience and optimize our services. They can be your own but also from third parties. Among the latter are Google Analytics cookies and Iadvice cookies.<\/li>\n\n\n\n<li><strong>Third party advertising cookies<\/strong>: The objective is to optimize the exposure of advertisements.<\/li>\n\n\n\n<li><strong>Google advertising cookies<\/strong>: Google uses cookies to determine which ads will be shown on the web pages of its partners, for example, websites that show Google ads or that are part of Google certified ad networks. When a user accesses a Google partner website, a cookie may be saved in their browser.<\/li>\n<\/ul>\n\n\n\n<h3 class=\"wp-block-heading\">Configuration, consultation and deactivation of cookies<\/h3>\n\n\n\n<p>You can allow, block or delete the cookies installed on your computer by configuring the browser options installed on your computer:<\/p>\n\n\n\n<h4 class=\"wp-block-heading\"><strong>Chrome<\/strong><\/h4>\n\n\n\n<p><a href=\"http:\/\/support.google.com\/chrome\/bin\/answer.py?hl=es&amp;answer=95647\" target=\"_blank\" rel=\"noreferrer noopener\">http:\/\/support.google.com\/chrome\/bin\/answer.py?hl=es&amp;answer=95647<\/a><\/p>\n\n\n\n<h4 class=\"wp-block-heading\"><strong>Safari<\/strong><\/h4>\n\n\n\n<p><a href=\"http:\/\/support.apple.com\/kb\/ph5042\" target=\"_blank\" rel=\"noreferrer noopener\">http:\/\/support.apple.com\/kb\/ph5042<\/a><\/p>\n\n\n\n<h4 class=\"wp-block-heading\"><strong>Explorer<\/strong><\/h4>\n\n\n\n<p><a href=\"http:\/\/windows.microsoft.com\/es-es\/windows7\/how-to-manage-cookies-in-internet-explorer-9\" target=\"_blank\" rel=\"noreferrer noopener\">http:\/\/windows.microsoft.com\/es-es\/windows7\/how-to-manage-cookies-in-internet-explorer-9<\/a><\/p>\n\n\n\n<h4 class=\"wp-block-heading\"><strong>Firefox<\/strong><\/h4>\n\n\n\n<p><a href=\"http:\/\/support.mozilla.org\/es\/kb\/habilitar-y-deshabilitar-cookies-que-los-sitios-we\" target=\"_blank\" rel=\"noreferrer noopener\">http:\/\/support.mozilla.org\/es\/kb\/habilitar-y-deshabilitar-cookies-que-los-sitios-we<\/a><\/p>\n\n\n\n<p>Everything related to Google cookies, both analytical and advertising, as well as their administration and configuration can be consulted at:<\/p>\n\n\n\n<ul class=\"wp-block-list\">\n<li><a href=\"http:\/\/www.google.es\/intl\/es\/policies\/technologies\/types\/\" target=\"_blank\" rel=\"noreferrer noopener\">http:\/\/www.google.es\/intl\/es\/policies\/technologies\/types\/<\/a><\/li>\n\n\n\n<li><a href=\"http:\/\/www.google.es\/policies\/technologies\/ads\/\" target=\"_blank\" rel=\"noreferrer noopener\">http:\/\/www.google.es\/policies\/technologies\/ads\/<\/a><\/li>\n\n\n\n<li><a href=\"https:\/\/developers.google.com\/analytics\/devguides\/collection\/analyticsjs\/cookie-usage\" target=\"_blank\" rel=\"noreferrer noopener\">https:\/\/developers.google.com\/analytics\/devguides\/collection\/analyticsjs\/cookie-usage<\/a><\/li>\n<\/ul>\n\n\n\n<p>If you decide to disable Cookies we will not be able to offer you some of our services, such as remaining identified or keeping purchases in your cart.<\/p>\n\n\n\n<h3 class=\"wp-block-heading\">Communication of illicit and inappropriate activities<\/h3>\n\n\n\n<p>In the event that any user of the website becomes aware of the links that refer to pages whose contents or services are illegal, harmful, degrading, violent or contrary to morality, they may contact us by email at\u00a0<a href=\"mailto:info@rocallabox.com\" title=\"\">info@rocallabox.com<\/a>, indicating the following data:<\/p>\n\n\n\n<p>Personal data of the caller: name, address, telephone number and email address; description of the facts that reveal the illicit or inappropriate nature of the hyperlink; in the event of violation of rights, such as intellectual and industrial property, the personal data of the owner of the infringed right, when it is a person other than the communicator. Likewise, you must provide the title that certifies the legitimacy of the owner of the rights and, where appropriate, that of representation to act on behalf of the owner when it is a person other than the caller; The reception by part of the communication provided for in this clause will not imply, according to the provisions of Law 34\/2002 of July 11, on services of the information society and electronic commerce, the effective knowledge of the activities and \/ or contents indicated by the caller.<\/p>\n\n\n\n<div style=\"height:50px\" aria-hidden=\"true\" class=\"wp-block-spacer\"><\/div>\n<\/div><\/div>\n<\/div><\/div>\n\n\n\n<div class=\"wp-block-cover alignfull\" style=\"min-height:300px;aspect-ratio:unset;\"><span aria-hidden=\"true\" class=\"wp-block-cover__background has-nv-site-bg-background-color has-background-dim-100 has-background-dim\"><\/span><div class=\"wp-block-cover__inner-container is-layout-flow wp-block-cover-is-layout-flow\">\n<div class=\"wp-block-group\"><div class=\"wp-block-group__inner-container is-layout-flow wp-block-group-is-layout-flow\">\n<div style=\"height:140px\" aria-hidden=\"true\" class=\"wp-block-spacer\"><\/div>\n\n\n\n<h2 class=\"wp-block-heading has-text-align-center has-nv-text-dark-bg-color has-text-color\">Let's work together to achieve your goal<\/h2>\n\n\n\n<p class=\"has-text-align-center has-medium-font-size\">Do not hesitate and come to try. Contact us and we will assist you and advise you on whatever you need.<\/p>\n\n\n\n<div class=\"wp-block-buttons is-content-justification-center is-layout-flex wp-container-core-buttons-is-layout-16018d1d wp-block-buttons-is-layout-flex\">\n<div class=\"wp-block-button is-style-primary\"><a class=\"wp-block-button__link wp-element-button\" href=\"https:\/\/rocallabox.com\/en\/contacto\/\">I am going to try<\/a><\/div>\n<\/div>\n\n\n\n<div style=\"height:140px\" aria-hidden=\"true\" class=\"wp-block-spacer\"><\/div>\n<\/div><\/div>\n<\/div><\/div>","protected":false},"excerpt":{"rendered":"","protected":false},"author":1,"featured_media":3064,"parent":0,"menu_order":0,"comment_status":"closed","ping_status":"closed","template":"","meta":{"neve_meta_sidebar":"default","neve_meta_container":"default","neve_meta_enable_content_width":"on","neve_meta_content_width":100,"neve_meta_title_alignment":"","neve_meta_author_avatar":"","neve_post_elements_order":"","neve_meta_disable_header":"","neve_meta_disable_footer":"","neve_meta_disable_title":"on","footnotes":""},"class_list":["post-2743","page","type-page","status-publish","has-post-thumbnail","hentry"],"aioseo_notices":[],"_links":{"self":[{"href":"https:\/\/rocallabox.com\/en\/wp-json\/wp\/v2\/pages\/2743","targetHints":{"allow":["GET"]}}],"collection":[{"href":"https:\/\/rocallabox.com\/en\/wp-json\/wp\/v2\/pages"}],"about":[{"href":"https:\/\/rocallabox.com\/en\/wp-json\/wp\/v2\/types\/page"}],"author":[{"embeddable":true,"href":"https:\/\/rocallabox.com\/en\/wp-json\/wp\/v2\/users\/1"}],"replies":[{"embeddable":true,"href":"https:\/\/rocallabox.com\/en\/wp-json\/wp\/v2\/comments?post=2743"}],"version-history":[{"count":11,"href":"https:\/\/rocallabox.com\/en\/wp-json\/wp\/v2\/pages\/2743\/revisions"}],"predecessor-version":[{"id":3093,"href":"https:\/\/rocallabox.com\/en\/wp-json\/wp\/v2\/pages\/2743\/revisions\/3093"}],"wp:featuredmedia":[{"embeddable":true,"href":"https:\/\/rocallabox.com\/en\/wp-json\/wp\/v2\/media\/3064"}],"wp:attachment":[{"href":"https:\/\/rocallabox.com\/en\/wp-json\/wp\/v2\/media?parent=2743"}],"curies":[{"name":"wp","href":"https:\/\/api.w.org\/{rel}","templated":true}]}}